{"id":16,"date":"2014-08-27T15:17:48","date_gmt":"2014-08-27T14:17:48","guid":{"rendered":"http:\/\/burza.brezolupy.cz\/subdom\/burza\/?page_id=16"},"modified":"2022-08-22T20:23:27","modified_gmt":"2022-08-22T19:23:27","slug":"kontakt","status":"publish","type":"page","link":"http:\/\/burza.brezolupy.cz\/subdom\/burza\/?page_id=16","title":{"rendered":"Kontakt"},"content":{"rendered":"<p>Kontaktn\u00ed osoby:<\/p>\n<div>Zden\u011bk Jan\u010dara &#8211; tel:&nbsp;737 906 918<\/div>\n<div>Ji\u0159\u00ed Michal\u00edk&nbsp; &#8211; tel: 774 980 276<\/div>\n<div>&nbsp;<\/div>\n<div>email: <a href=\"mailto:zdenek.jancara@seznam.cz\">zdenek.jancara@seznam.cz<\/a><\/div>\n","protected":false},"excerpt":{"rendered":"<p>Kontaktn\u00ed osoby: Zden\u011bk Jan\u010dara &#8211; tel:&nbsp;737 906 918 Ji\u0159\u00ed Michal\u00edk&nbsp; &#8211; tel: 774 980 276 &nbsp; email: zdenek.jancara@seznam.cz<\/p>\n","protected":false},"author":2,"featured_media":0,"parent":0,"menu_order":10,"comment_status":"open","ping_status":"open","template":"","meta":{"ngg_post_thumbnail":0,"footnotes":""},"class_list":["post-16","page","type-page","status-publish","hentry"],"_links":{"self":[{"href":"http:\/\/burza.brezolupy.cz\/subdom\/burza\/index.php?rest_route=\/wp\/v2\/pages\/16","targetHints":{"allow":["GET"]}}],"collection":[{"href":"http:\/\/burza.brezolupy.cz\/subdom\/burza\/index.php?rest_route=\/wp\/v2\/pages"}],"about":[{"href":"http:\/\/burza.brezolupy.cz\/subdom\/burza\/index.php?rest_route=\/wp\/v2\/types\/page"}],"author":[{"embeddable":true,"href":"http:\/\/burza.brezolupy.cz\/subdom\/burza\/index.php?rest_route=\/wp\/v2\/users\/2"}],"replies":[{"embeddable":true,"href":"http:\/\/burza.brezolupy.cz\/subdom\/burza\/index.php?rest_route=%2Fwp%2Fv2%2Fcomments&post=16"}],"version-history":[{"count":6,"href":"http:\/\/burza.brezolupy.cz\/subdom\/burza\/index.php?rest_route=\/wp\/v2\/pages\/16\/revisions"}],"predecessor-version":[{"id":134,"href":"http:\/\/burza.brezolupy.cz\/subdom\/burza\/index.php?rest_route=\/wp\/v2\/pages\/16\/revisions\/134"}],"wp:attachment":[{"href":"http:\/\/burza.brezolupy.cz\/subdom\/burza\/index.php?rest_route=%2Fwp%2Fv2%2Fmedia&parent=16"}],"curies":[{"name":"wp","href":"https:\/\/api.w.org\/{rel}","templated":true}]}}